



{"id":902,"date":"2014-05-01T20:40:46","date_gmt":"2014-05-01T20:40:46","guid":{"rendered":"http:\/\/gruppesite.kfumspejderne.dk\/?page_id=60"},"modified":"2024-03-26T10:43:09","modified_gmt":"2024-03-26T10:43:09","slug":"enhederne","status":"publish","type":"page","link":"https:\/\/kfum-greve.gruppesite.dk\/?page_id=902","title":{"rendered":"Junior spejder"},"content":{"rendered":"\n<div class=\"wp-block-group\"><div class=\"wp-block-group__inner-container is-layout-flow wp-block-group-is-layout-flow\"><\/div><\/div>\n\n\n<div class=\"wp-block-image\">\n<figure class=\"alignright size-large is-resized\"><img loading=\"lazy\" decoding=\"async\" width=\"533\" height=\"532\" src=\"http:\/\/kfum-greve.gruppesite.dk\/wp-content\/uploads\/sites\/48\/2021\/03\/Enhedsmaerker_Godkendte-2018_tegnebraetter-03.png\" alt=\"\" class=\"wp-image-2098\" style=\"width:220px;height:220px\" srcset=\"https:\/\/kfum-greve.gruppesite.dk\/wp-content\/uploads\/sites\/48\/2021\/03\/Enhedsmaerker_Godkendte-2018_tegnebraetter-03.png 533w, https:\/\/kfum-greve.gruppesite.dk\/wp-content\/uploads\/sites\/48\/2021\/03\/Enhedsmaerker_Godkendte-2018_tegnebraetter-03-300x300.png 300w, https:\/\/kfum-greve.gruppesite.dk\/wp-content\/uploads\/sites\/48\/2021\/03\/Enhedsmaerker_Godkendte-2018_tegnebraetter-03-150x150.png 150w\" sizes=\"auto, (max-width: 533px) 100vw, 533px\" \/><\/figure><\/div>\n\n\n<p class=\"has-medium-font-size\"><strong>Juniorspejder er for dem, der g\u00e5r i 4.-5. klasse, <\/strong><br><strong>og er overgangen fra ulveunge til tropspejder.<\/strong><\/p>\n\n\n\n<p>N\u00e5r man bliver Junior spejder I Greve gruppe, tager man for alvor hul p\u00e5 spejderlivet. Det er nu, at man bl.a. l\u00e6rer at h\u00e5ndtere en \u00f8kse og rejse et telt alene. Man begynder at l\u00e6re at klare sig selv.<\/p>\n\n\n\n<p>Som Junior f\u00e5r man mere ansvar end f\u00f8r. Man begynder at v\u00e6re opdelt i mindre patruljer.  I patruljen l\u00f8ser de deres opgaver i f\u00e6llesskab, med hj\u00e6lp fra lederne. <\/p>\n\n\n\n<p>KFUM-Spejderne har samlet informationer for nye juniorer i en folder.&nbsp;<a href=\"https:\/\/issuu.com\/kfum-spejderne\/docs\/150165_junior_12_sider_k3\" target=\"_blank\" rel=\"noreferrer noopener\">Du kan l\u00e6se med her.<\/a><\/p>\n\n\n\n<p class=\"has-text-color has-medium-font-size\" style=\"color:#044c09\"><strong>Vi m\u00f8des hver tirsdag kl. 18.30 til 20.30 i Spejderhytten Fellowship<\/strong><\/p>\n\n\n\n<div class=\"wp-block-group\"><div class=\"wp-block-group__inner-container is-layout-flow wp-block-group-is-layout-flow\">\n<h4 class=\"wp-block-heading has-text-color\" style=\"color:#044c09\">Enhedsleder<\/h4>\n\n\n\n<p><\/p>\n<\/div><\/div>\n\n\n\n<p class=\"has-text-color\" style=\"color:#044c09\">Sandra Emilie Engholt<br>Tlf. +45 29 71 33 53<br>Mail:&nbsp;sandra.engholt@yahoo.dk<\/p>\n\n\n\n<p><strong>Facebook<\/strong><br>KFUM Spejderne Greve Gruppe har en lukket Facebook gruppe for medlemmerne og deres for\u00e6ldre:&nbsp;<a rel=\"noreferrer noopener\" href=\"https:\/\/www.facebook.com\/groups\/kfumgreve\/\" target=\"_blank\">Medlemmer og for\u00e6ldre \u2013 KFUM Greve<\/a><\/p>\n\n\n\n<h5 class=\"wp-block-heading has-black-color has-text-color\">Ledere for Juniorerne<\/h5>\n\n\n\n<div class=\"wp-block-columns is-layout-flex wp-container-core-columns-is-layout-9d6595d7 wp-block-columns-is-layout-flex\">\n<div class=\"wp-block-column is-vertically-aligned-top is-layout-flow wp-block-column-is-layout-flow\" style=\"flex-basis:100%\">\n<div class=\"wp-block-columns is-layout-flex wp-container-core-columns-is-layout-9d6595d7 wp-block-columns-is-layout-flex\">\n<div class=\"wp-block-column is-layout-flow wp-block-column-is-layout-flow\">\n<div class=\"wp-block-columns is-layout-flex wp-container-core-columns-is-layout-9d6595d7 wp-block-columns-is-layout-flex\">\n<div class=\"wp-block-column is-layout-flow wp-block-column-is-layout-flow\">\n<figure class=\"wp-block-image size-large\"><a href=\"http:\/\/kfum-greve.gruppesite.dk\/wp-content\/uploads\/sites\/48\/2021\/12\/Hnet.com-image-6.jpg\"><img loading=\"lazy\" decoding=\"async\" width=\"728\" height=\"1024\" src=\"http:\/\/kfum-greve.gruppesite.dk\/wp-content\/uploads\/sites\/48\/2021\/12\/Hnet.com-image-6-728x1024.jpg\" alt=\"\" class=\"wp-image-2345\" srcset=\"https:\/\/kfum-greve.gruppesite.dk\/wp-content\/uploads\/sites\/48\/2021\/12\/Hnet.com-image-6-728x1024.jpg 728w, https:\/\/kfum-greve.gruppesite.dk\/wp-content\/uploads\/sites\/48\/2021\/12\/Hnet.com-image-6-213x300.jpg 213w, https:\/\/kfum-greve.gruppesite.dk\/wp-content\/uploads\/sites\/48\/2021\/12\/Hnet.com-image-6.jpg 768w\" sizes=\"auto, (max-width: 728px) 100vw, 728px\" \/><\/a><figcaption class=\"wp-element-caption\">Sandra<\/figcaption><\/figure>\n\n\n\n<p><\/p>\n<\/div>\n\n\n\n<div class=\"wp-block-column is-layout-flow wp-block-column-is-layout-flow\"><\/div>\n\n\n\n<div class=\"wp-block-column is-layout-flow wp-block-column-is-layout-flow\"><\/div>\n\n\n\n<div class=\"wp-block-column is-layout-flow wp-block-column-is-layout-flow\"><\/div>\n<\/div>\n<\/div>\n<\/div>\n<\/div>\n<\/div>\n\n\n\n<p><\/p>\n","protected":false},"excerpt":{"rendered":"<p>Juniorspejder er for dem, der g\u00e5r i 4.-5. klasse, og er overgangen fra ulveunge til tropspejder. N\u00e5r man bliver Junior..<\/p>\n","protected":false},"author":69,"featured_media":0,"parent":0,"menu_order":2,"comment_status":"closed","ping_status":"closed","template":"","meta":{"ngg_post_thumbnail":0,"footnotes":""},"class_list":["post-902","page","type-page","status-publish","hentry"],"_links":{"self":[{"href":"https:\/\/kfum-greve.gruppesite.dk\/index.php?rest_route=\/wp\/v2\/pages\/902","targetHints":{"allow":["GET"]}}],"collection":[{"href":"https:\/\/kfum-greve.gruppesite.dk\/index.php?rest_route=\/wp\/v2\/pages"}],"about":[{"href":"https:\/\/kfum-greve.gruppesite.dk\/index.php?rest_route=\/wp\/v2\/types\/page"}],"author":[{"embeddable":true,"href":"https:\/\/kfum-greve.gruppesite.dk\/index.php?rest_route=\/wp\/v2\/users\/69"}],"replies":[{"embeddable":true,"href":"https:\/\/kfum-greve.gruppesite.dk\/index.php?rest_route=%2Fwp%2Fv2%2Fcomments&post=902"}],"version-history":[{"count":87,"href":"https:\/\/kfum-greve.gruppesite.dk\/index.php?rest_route=\/wp\/v2\/pages\/902\/revisions"}],"predecessor-version":[{"id":2493,"href":"https:\/\/kfum-greve.gruppesite.dk\/index.php?rest_route=\/wp\/v2\/pages\/902\/revisions\/2493"}],"wp:attachment":[{"href":"https:\/\/kfum-greve.gruppesite.dk\/index.php?rest_route=%2Fwp%2Fv2%2Fmedia&parent=902"}],"curies":[{"name":"wp","href":"https:\/\/api.w.org\/{rel}","templated":true}]}}