



{"id":901,"date":"2014-05-01T20:40:05","date_gmt":"2014-05-01T20:40:05","guid":{"rendered":"http:\/\/gruppesite.kfumspejderne.dk\/?page_id=58"},"modified":"2021-03-24T12:03:47","modified_gmt":"2021-03-24T12:03:47","slug":"forside","status":"publish","type":"page","link":"https:\/\/kfum-greve.gruppesite.dk\/","title":{"rendered":"Kom og v\u00e6r med"},"content":{"rendered":"\n<p class=\"has-very-dark-gray-color has-text-color has-medium-font-size\"><strong>Som spejder f\u00e5r du venner for livet, udfordringer til b\u00e5de hoved og krop, og s\u00e5 l\u00e6rer du at at klare dig selv n\u00e5r du m\u00f8des med mange af livets udfordringer.<\/strong><\/p>\n\n\n\n<p>Spejder adskiller sig fra mange andre fritidsinteresser.&nbsp;Som spejder l\u00e6rer du derfor at tage ansvar for din egen personlige udvikling, at vise respekt for andre mennesker og v\u00e6re ansvarlig over for naturen og det samfund, du er en del af.<\/p>\n\n\n\n<p>KFUM-Spejdernes vision er at rykke verden \u2013 med vilje. Som gr\u00f8n spejder i Greve gruppe bliver du en del af det arbejde og vil opleve b\u00e5de at f\u00e5 rykket ved din egen verden og at bidrage til at g\u00f8re en forskel for andre enten i dit lokalomr\u00e5de eller ude i verden.<\/p>\n\n\n\n<p class=\"has-medium-font-size\"><strong>Som KFUM-Spejder f\u00e5r du:<\/strong><\/p>\n\n\n\n<div class=\"wp-block-columns is-layout-flex wp-container-core-columns-is-layout-9d6595d7 wp-block-columns-is-layout-flex\">\n<div class=\"wp-block-column is-vertically-aligned-center is-layout-flow wp-block-column-is-layout-flow\" style=\"flex-basis:100%\">\n<div class=\"wp-block-columns is-layout-flex wp-container-core-columns-is-layout-9d6595d7 wp-block-columns-is-layout-flex\">\n<div class=\"wp-block-column is-layout-flow wp-block-column-is-layout-flow\" style=\"flex-basis:100%\">\n<ul class=\"wp-block-list\" id=\"block-1efdadc3-e8fb-4e1b-81c0-787f9ac1ce17\"><li>Venner og oplevelser for livet<\/li><li>Engagerede voksne, frivillige ledere<\/li><li>Hj\u00e6lp til at l\u00e6re at klare dig selv<\/li><li>Aktive naturoplevelser<\/li><li>Sjove lejrture<\/li><li>Udfordringer, der passer til dig<\/li><\/ul>\n<\/div>\n<\/div>\n\n\n\n<p><\/p>\n<\/div>\n\n\n\n<div class=\"wp-block-column is-vertically-aligned-top is-layout-flow wp-block-column-is-layout-flow\" style=\"flex-basis:100%\">\n<figure class=\"wp-block-gallery alignleft columns-1 is-cropped wp-block-gallery-1 is-layout-flex wp-block-gallery-is-layout-flex\"><ul class=\"blocks-gallery-grid\"><li class=\"blocks-gallery-item\"><figure><a href=\"http:\/\/kfum-greve.gruppesite.dk\/wp-content\/uploads\/sites\/48\/2021\/03\/KFUM-03346_1080.jpg\"><img loading=\"lazy\" decoding=\"async\" width=\"1024\" height=\"683\" src=\"http:\/\/kfum-greve.gruppesite.dk\/wp-content\/uploads\/sites\/48\/2021\/03\/KFUM-03346_1080-1024x683.jpg\" alt=\"\" data-id=\"2284\" data-full-url=\"http:\/\/kfum-greve.gruppesite.dk\/wp-content\/uploads\/sites\/48\/2021\/03\/KFUM-03346_1080.jpg\" data-link=\"http:\/\/kfum-greve.gruppesite.dk\/?attachment_id=2284\" class=\"wp-image-2284\" srcset=\"https:\/\/kfum-greve.gruppesite.dk\/wp-content\/uploads\/sites\/48\/2021\/03\/KFUM-03346_1080-1024x683.jpg 1024w, https:\/\/kfum-greve.gruppesite.dk\/wp-content\/uploads\/sites\/48\/2021\/03\/KFUM-03346_1080-300x200.jpg 300w, https:\/\/kfum-greve.gruppesite.dk\/wp-content\/uploads\/sites\/48\/2021\/03\/KFUM-03346_1080-768x512.jpg 768w, https:\/\/kfum-greve.gruppesite.dk\/wp-content\/uploads\/sites\/48\/2021\/03\/KFUM-03346_1080.jpg 1080w\" sizes=\"auto, (max-width: 1024px) 100vw, 1024px\" \/><\/a><\/figure><\/li><\/ul><\/figure>\n\n\n\n<p><\/p>\n<\/div>\n<\/div>\n\n\n\n<p>P\u00e5 siderne her kan du l\u00e6se mere om spejderarbejdet, og du kan finde information om&nbsp;<a href=\"http:\/\/kfum-greve.gruppesite.dk\/?page_id=2161\" data-type=\"URL\">enhederne<\/a>, aldersgrupper, hvorn\u00e5r vi m\u00f8des mv. Du er altid&nbsp;meget velkommen&nbsp;til at kigge ned forbi&nbsp;<a href=\"http:\/\/kfum-greve.gruppesite.dk\/?page_id=899\">Spejderhytten<\/a> &#8220;Fellowship&#8221;&nbsp;i Greve t\u00e6t ved R\u00e6vebakken til et af vores m\u00f8der, og bare snuse til spejderlivet og pr\u00f8ve det \u00e9n eller to gange. Du kan ogs\u00e5 indmelde dig online&nbsp;<a rel=\"noreferrer noopener\" href=\"https:\/\/medlemsservice.spejdernet.dk\/member\/signup\/1009\" target=\"_blank\">her<\/a>.<br><\/p>\n","protected":false},"excerpt":{"rendered":"<p>Som spejder f\u00e5r du venner for livet, udfordringer til b\u00e5de hoved og krop, og s\u00e5 l\u00e6rer du at at klare..<\/p>\n","protected":false},"author":69,"featured_media":1908,"parent":0,"menu_order":0,"comment_status":"closed","ping_status":"closed","template":"","meta":{"ngg_post_thumbnail":0,"footnotes":""},"class_list":["post-901","page","type-page","status-publish","has-post-thumbnail","hentry"],"_links":{"self":[{"href":"https:\/\/kfum-greve.gruppesite.dk\/index.php?rest_route=\/wp\/v2\/pages\/901","targetHints":{"allow":["GET"]}}],"collection":[{"href":"https:\/\/kfum-greve.gruppesite.dk\/index.php?rest_route=\/wp\/v2\/pages"}],"about":[{"href":"https:\/\/kfum-greve.gruppesite.dk\/index.php?rest_route=\/wp\/v2\/types\/page"}],"author":[{"embeddable":true,"href":"https:\/\/kfum-greve.gruppesite.dk\/index.php?rest_route=\/wp\/v2\/users\/69"}],"replies":[{"embeddable":true,"href":"https:\/\/kfum-greve.gruppesite.dk\/index.php?rest_route=%2Fwp%2Fv2%2Fcomments&post=901"}],"version-history":[{"count":23,"href":"https:\/\/kfum-greve.gruppesite.dk\/index.php?rest_route=\/wp\/v2\/pages\/901\/revisions"}],"predecessor-version":[{"id":2285,"href":"https:\/\/kfum-greve.gruppesite.dk\/index.php?rest_route=\/wp\/v2\/pages\/901\/revisions\/2285"}],"wp:featuredmedia":[{"embeddable":true,"href":"https:\/\/kfum-greve.gruppesite.dk\/index.php?rest_route=\/wp\/v2\/media\/1908"}],"wp:attachment":[{"href":"https:\/\/kfum-greve.gruppesite.dk\/index.php?rest_route=%2Fwp%2Fv2%2Fmedia&parent=901"}],"curies":[{"name":"wp","href":"https:\/\/api.w.org\/{rel}","templated":true}]}}