



{"id":2288,"date":"2021-03-24T12:18:13","date_gmt":"2021-03-24T12:18:13","guid":{"rendered":"http:\/\/kfum-greve.gruppesite.dk\/?page_id=2288"},"modified":"2021-03-24T12:23:04","modified_gmt":"2021-03-24T12:23:04","slug":"bliv-leder","status":"publish","type":"page","link":"https:\/\/kfum-greve.gruppesite.dk\/?page_id=2288","title":{"rendered":"Bliv leder"},"content":{"rendered":"\n<h2 class=\"wp-block-heading\"><\/h2>\n\n\n\n<p>Har du lyst til at v\u00e6re med i en aktiv spejdergruppe sammen med andre ledere.<br>Vi er en god lederstab med mange ledere i de fleste enheder. Vi kunne dog godt v\u00e6re et par stykker mere.<\/p>\n\n\n\n<p>M\u00e5ske har du tidligere v\u00e6ret spejder, m\u00e5ske er du for\u00e6ldre som gerne vil bakke op om dit barns fritidsinteresse eller m\u00e5ske har du bare lyst til at v\u00e6re med i foreningsarbejdet og g\u00f8re noget for b\u00f8rn og unge.<br>Der indhentes b\u00f8rneattest p\u00e5 alle ledere. Kontakt gruppelederen for mere information.<\/p>\n","protected":false},"excerpt":{"rendered":"<p>Har du lyst til at v\u00e6re med i en aktiv spejdergruppe sammen med andre ledere.Vi er en god lederstab med..<\/p>\n","protected":false},"author":69,"featured_media":0,"parent":0,"menu_order":0,"comment_status":"closed","ping_status":"closed","template":"","meta":{"ngg_post_thumbnail":0,"footnotes":""},"class_list":["post-2288","page","type-page","status-publish","hentry"],"_links":{"self":[{"href":"https:\/\/kfum-greve.gruppesite.dk\/index.php?rest_route=\/wp\/v2\/pages\/2288","targetHints":{"allow":["GET"]}}],"collection":[{"href":"https:\/\/kfum-greve.gruppesite.dk\/index.php?rest_route=\/wp\/v2\/pages"}],"about":[{"href":"https:\/\/kfum-greve.gruppesite.dk\/index.php?rest_route=\/wp\/v2\/types\/page"}],"author":[{"embeddable":true,"href":"https:\/\/kfum-greve.gruppesite.dk\/index.php?rest_route=\/wp\/v2\/users\/69"}],"replies":[{"embeddable":true,"href":"https:\/\/kfum-greve.gruppesite.dk\/index.php?rest_route=%2Fwp%2Fv2%2Fcomments&post=2288"}],"version-history":[{"count":3,"href":"https:\/\/kfum-greve.gruppesite.dk\/index.php?rest_route=\/wp\/v2\/pages\/2288\/revisions"}],"predecessor-version":[{"id":2294,"href":"https:\/\/kfum-greve.gruppesite.dk\/index.php?rest_route=\/wp\/v2\/pages\/2288\/revisions\/2294"}],"wp:attachment":[{"href":"https:\/\/kfum-greve.gruppesite.dk\/index.php?rest_route=%2Fwp%2Fv2%2Fmedia&parent=2288"}],"curies":[{"name":"wp","href":"https:\/\/api.w.org\/{rel}","templated":true}]}}