



{"id":2272,"date":"2021-03-12T14:13:28","date_gmt":"2021-03-12T14:13:28","guid":{"rendered":"http:\/\/kfum-greve.gruppesite.dk\/?page_id=2272"},"modified":"2022-11-24T09:02:24","modified_gmt":"2022-11-24T09:02:24","slug":"indmeldelse-og-medlemskab","status":"publish","type":"page","link":"https:\/\/kfum-greve.gruppesite.dk\/?page_id=2272","title":{"rendered":"Indmeldelse og medlemskab"},"content":{"rendered":"\n<p>Hvis du har lyst til at pr\u00f8ve at v\u00e6re spejder er du velkommen til at komme til en m\u00f8deaften. Du er ogs\u00e5 velkommen til at kontakte gruppelederen eller enhedslederen for mere information om bes\u00f8g og indmeldelse.<br>Indmeldelse skal ske senest ved 3 m\u00f8deaften.<\/p>\n\n\n\n<p><strong>Indmeld dig her<\/strong>: <a rel=\"noreferrer noopener\" href=\"https:\/\/medlemsservice.spejdernet.dk\/member\/signup\/1009\" target=\"_blank\"><strong>INDMELDELSE<\/strong><\/a>.<\/p>\n\n\n\n<p>N\u00e5r f\u00f8rst man er indmeldt som spejder, skal man ikke tilmelde sig ved hver s\u00e6son, s\u00e5 man er spejder indtil man evt. melder sig ud skriftligt, og oprykning til nye enheder sker automatisk efter klassetrin med mindre andet aftales<\/p>\n\n\n\n<h2 class=\"wp-block-heading\">Kontingent for medlemskab<\/h2>\n\n\n\n<p><\/p>\n\n\n\n<p><strong>Spejdere:<\/strong><br>Det koster&nbsp;450 kr. pr. halv\u00e5r at v\u00e6re medlem. (850 kr. hvis du betaler et \u00e5r&nbsp;frem ad gangen)<\/p>\n\n\n\n<p><strong>Familie-spejd:<\/strong><br>B\u00f8rn der deltager hos familiespejder (2-6 \u00e5r) 300 kr. pr. halv\u00e5r<br><br>Kontingentet d\u00e6kker materialer, lokaler, m\u00e6rker til uniformen mm.<br>Som medlem er du d\u00e6kket af KFUM-Spejdernes ulykkesforsikring n\u00e5r du er til spejder.<\/p>\n\n\n\n<p>Kontingentet opkr\u00e6ves indtil evt. skriftlig udmeldelse finder sted. Sp\u00f8rgsm\u00e5l vedr. kontingent kan ske til kasseren (se kontakt)<\/p>\n\n\n\n<p>Alle vores voksne ledere er frivillige og ul\u00f8nnede.<\/p>\n\n\n\n<h2 class=\"wp-block-heading\">B\u00f8rneattester:<\/h2>\n\n\n\n<p>Alle b\u00f8rne- og ungdomsorganisationer kan desv\u00e6rre komme i situationer, hvor nuv\u00e6rende eller tidligere<br>medlemmer bliver anklaget for seksuelle kr\u00e6nkelser. Hos KFUM-Spejderne arbejder vi \u00e5bent og aktivt for<br>at undg\u00e5 disse situationer, ved at screene vores frivillige ledere.<br>S\u00e5ledes er det et krav, at alle ledere og medhj\u00e6lpende medlemmer over 15 \u00e5r afleverer b\u00f8rneattest fra Det Centrale Kriminalregister.<\/p>\n\n\n\n<h2 class=\"wp-block-heading\">Fototilladelse<\/h2>\n\n\n\n<p><br>I forbindelse med indmeldelsen skal I tage stilling til en fototilladelse. Det er billeder for gruppen, spejderne og for\u00e6ldre der viser hvor fedt jeres b\u00f8rn har haft det. I forbindelse med vores hjemmeside og reklame materiale vil vi gerne bede jer underskrive endnu en gang p\u00e5 en lille separat seddel, s\u00e5 vi er sikre p\u00e5 at det er ok at vi bruger billederne eksternt. Linket til sedlen er herunder og afleveres til jeres n\u00e6rmeste leder.<\/p>\n","protected":false},"excerpt":{"rendered":"<p>Hvis du har lyst til at pr\u00f8ve at v\u00e6re spejder er du velkommen til at komme til en m\u00f8deaften. Du..<\/p>\n","protected":false},"author":69,"featured_media":0,"parent":0,"menu_order":0,"comment_status":"closed","ping_status":"closed","template":"","meta":{"ngg_post_thumbnail":0,"footnotes":""},"class_list":["post-2272","page","type-page","status-publish","hentry"],"_links":{"self":[{"href":"https:\/\/kfum-greve.gruppesite.dk\/index.php?rest_route=\/wp\/v2\/pages\/2272","targetHints":{"allow":["GET"]}}],"collection":[{"href":"https:\/\/kfum-greve.gruppesite.dk\/index.php?rest_route=\/wp\/v2\/pages"}],"about":[{"href":"https:\/\/kfum-greve.gruppesite.dk\/index.php?rest_route=\/wp\/v2\/types\/page"}],"author":[{"embeddable":true,"href":"https:\/\/kfum-greve.gruppesite.dk\/index.php?rest_route=\/wp\/v2\/users\/69"}],"replies":[{"embeddable":true,"href":"https:\/\/kfum-greve.gruppesite.dk\/index.php?rest_route=%2Fwp%2Fv2%2Fcomments&post=2272"}],"version-history":[{"count":11,"href":"https:\/\/kfum-greve.gruppesite.dk\/index.php?rest_route=\/wp\/v2\/pages\/2272\/revisions"}],"predecessor-version":[{"id":2441,"href":"https:\/\/kfum-greve.gruppesite.dk\/index.php?rest_route=\/wp\/v2\/pages\/2272\/revisions\/2441"}],"wp:attachment":[{"href":"https:\/\/kfum-greve.gruppesite.dk\/index.php?rest_route=%2Fwp%2Fv2%2Fmedia&parent=2272"}],"curies":[{"name":"wp","href":"https:\/\/api.w.org\/{rel}","templated":true}]}}