



{"id":2164,"date":"2021-04-26T16:20:31","date_gmt":"2021-04-26T16:20:31","guid":{"rendered":"http:\/\/kfum-greve.gruppesite.dk\/?page_id=2164"},"modified":"2024-03-26T10:42:41","modified_gmt":"2024-03-26T10:42:41","slug":"troppen","status":"publish","type":"page","link":"https:\/\/kfum-greve.gruppesite.dk\/?page_id=2164","title":{"rendered":"Troppen"},"content":{"rendered":"\n<div class=\"wp-block-group\"><div class=\"wp-block-group__inner-container is-layout-flow wp-block-group-is-layout-flow\"><\/div><\/div>\n\n\n<div class=\"wp-block-image is-style-default\">\n<figure class=\"alignright size-large is-resized\"><a href=\"http:\/\/kfum-greve.gruppesite.dk\/wp-content\/uploads\/sites\/48\/2021\/03\/Enhedsmaerker_Godkendte-2018_tegnebraetter-05.png\"><img loading=\"lazy\" decoding=\"async\" width=\"533\" height=\"533\" src=\"http:\/\/kfum-greve.gruppesite.dk\/wp-content\/uploads\/sites\/48\/2021\/03\/Enhedsmaerker_Godkendte-2018_tegnebraetter-05.png\" alt=\"\" class=\"wp-image-2100\" style=\"width:225px;height:225px\" srcset=\"https:\/\/kfum-greve.gruppesite.dk\/wp-content\/uploads\/sites\/48\/2021\/03\/Enhedsmaerker_Godkendte-2018_tegnebraetter-05.png 533w, https:\/\/kfum-greve.gruppesite.dk\/wp-content\/uploads\/sites\/48\/2021\/03\/Enhedsmaerker_Godkendte-2018_tegnebraetter-05-300x300.png 300w, https:\/\/kfum-greve.gruppesite.dk\/wp-content\/uploads\/sites\/48\/2021\/03\/Enhedsmaerker_Godkendte-2018_tegnebraetter-05-150x150.png 150w\" sizes=\"auto, (max-width: 533px) 100vw, 533px\" \/><\/a><\/figure><\/div>\n\n\n<p class=\"has-medium-font-size\"><strong>Trop spejder er for dem, der g\u00e5r i 6.-9. klasse.<\/strong><\/p>\n\n\n\n<p>Tropspejder er for dem, der g\u00e5r i 6.-9. klasse. <\/p>\n\n\n\n<p>I troppen udleves Spejdereventyret. Spejderf\u00e6rdigheder s\u00e5vel forberedes, s\u00e5 du er klar til p\u00e5 egen h\u00e5nd at opleve og rykke verden til og  . Det er her det hele sker. Vi laver rigtig mange typer af aktiviteter, alt fra at bygge kastemaskiner og t\u00e6nde b\u00e5l til at l\u00e6re kort og kompas. <\/p>\n\n\n\n<p>De l\u00e6rer om alt hvad et spejderliv kan indeholde og pr\u00f8ver kr\u00e6fter med fantastiske udfordringer. 1-2 m\u00f8der om m\u00e5neden planl\u00e6gger patruljerne selv og giver dem mulighed for at st\u00e5 p\u00e5 egne ben.Aktiviteter best\u00e5r i at tage forskellige m\u00e6rker, forberede ture og lejre, eller hj\u00e6lpe gruppen med st\u00f8rre opgaver. Efterh\u00e5nden som spejderne bliver \u00e6ldre, stiger aktiviteterne i sv\u00e6rhedsgrad samtidig med at graden af \u201cvoksenstyring\u201d falder.<\/p>\n\n\n\n<p>Som Tropspejder f\u00e5r man mere ansvar end f\u00f8r. Man er opdelt i mindre patruljer.  I patruljen l\u00f8ser de deres opgaver i f\u00e6llesskab, med hj\u00e6lp fra lederne. <\/p>\n\n\n\n<p>KFUM-Spejderne har samlet informationer for nye tropspejder i en folder.&nbsp;<a rel=\"noreferrer noopener\" href=\"https:\/\/issuu.com\/kfum-spejderne\/docs\/150165_trop_12_sider_k3\" target=\"_blank\">Du kan l\u00e6se med her.<\/a><\/p>\n\n\n\n<p class=\"has-text-color has-medium-font-size\" style=\"color:#044c09\"><strong>Vi m\u00f8des hver tirsdag kl. 18.30 til 20.30 i Spejderhytten Fellowship<\/strong><\/p>\n\n\n\n<div class=\"wp-block-group\"><div class=\"wp-block-group__inner-container is-layout-flow wp-block-group-is-layout-flow\">\n<h4 class=\"wp-block-heading has-text-color\" style=\"color:#044c09\">Enhedsleder<\/h4>\n<\/div><\/div>\n\n\n\n<p class=\"has-text-color\" style=\"color:#044c09\">Mathias Hesselberg<br>Tlf. +45 60 78 89 09<br>Mail:&nbsp;mathiashesselbergh@gmail.com<\/p>\n\n\n\n<p><strong>Facebook<\/strong><br>KFUM Spejderne Greve Gruppe har en lukket Facebook gruppe for medlemmerne og deres for\u00e6ldre:&nbsp;<a rel=\"noreferrer noopener\" href=\"https:\/\/www.facebook.com\/groups\/kfumgreve\/\" target=\"_blank\">Medlemmer og for\u00e6ldre \u2013 KFUM Greve<\/a><\/p>\n\n\n\n<h5 class=\"wp-block-heading has-black-color has-text-color\">Ledere for Troppen<\/h5>\n\n\n\n<div class=\"wp-block-columns is-layout-flex wp-container-core-columns-is-layout-9d6595d7 wp-block-columns-is-layout-flex\">\n<div class=\"wp-block-column is-vertically-aligned-top is-layout-flow wp-block-column-is-layout-flow\" style=\"flex-basis:100%\">\n<div class=\"wp-block-columns is-layout-flex wp-container-core-columns-is-layout-9d6595d7 wp-block-columns-is-layout-flex\">\n<div class=\"wp-block-column is-layout-flow wp-block-column-is-layout-flow\">\n<div class=\"wp-block-columns is-layout-flex wp-container-core-columns-is-layout-9d6595d7 wp-block-columns-is-layout-flex\">\n<div class=\"wp-block-column is-layout-flow wp-block-column-is-layout-flow\"><div class=\"wp-block-image is-style-default\">\n<figure class=\"alignleft size-full\"><a href=\"http:\/\/kfum-greve.gruppesite.dk\/wp-content\/uploads\/sites\/48\/2021\/12\/Hnet.com-image-10.jpg\"><img loading=\"lazy\" decoding=\"async\" width=\"768\" height=\"1024\" src=\"https:\/\/kfum-greve.gruppesite.dk\/wp-content\/uploads\/sites\/48\/2021\/12\/Hnet.com-image-10.jpg\" alt=\"\" class=\"wp-image-2398\" srcset=\"https:\/\/kfum-greve.gruppesite.dk\/wp-content\/uploads\/sites\/48\/2021\/12\/Hnet.com-image-10.jpg 768w, https:\/\/kfum-greve.gruppesite.dk\/wp-content\/uploads\/sites\/48\/2021\/12\/Hnet.com-image-10-225x300.jpg 225w\" sizes=\"auto, (max-width: 768px) 100vw, 768px\" \/><\/a><figcaption class=\"wp-element-caption\">Mathias<\/figcaption><\/figure><\/div><\/div>\n\n\n\n<div class=\"wp-block-column is-layout-flow wp-block-column-is-layout-flow\"><div class=\"wp-block-image\">\n<figure class=\"alignleft size-full\"><a href=\"http:\/\/kfum-greve.gruppesite.dk\/wp-content\/uploads\/sites\/48\/2021\/12\/Hnet.com-image-9.jpg\"><img loading=\"lazy\" decoding=\"async\" width=\"768\" height=\"1024\" src=\"https:\/\/kfum-greve.gruppesite.dk\/wp-content\/uploads\/sites\/48\/2021\/12\/Hnet.com-image-9.jpg\" alt=\"\" class=\"wp-image-2399\" srcset=\"https:\/\/kfum-greve.gruppesite.dk\/wp-content\/uploads\/sites\/48\/2021\/12\/Hnet.com-image-9.jpg 768w, https:\/\/kfum-greve.gruppesite.dk\/wp-content\/uploads\/sites\/48\/2021\/12\/Hnet.com-image-9-225x300.jpg 225w\" sizes=\"auto, (max-width: 768px) 100vw, 768px\" \/><\/a><figcaption class=\"wp-element-caption\"><em>Astrid<\/em><\/figcaption><\/figure><\/div><\/div>\n\n\n\n<div class=\"wp-block-column is-layout-flow wp-block-column-is-layout-flow\"><\/div>\n\n\n\n<div class=\"wp-block-column is-layout-flow wp-block-column-is-layout-flow\"><\/div>\n<\/div>\n<\/div>\n<\/div>\n<\/div>\n<\/div>\n\n\n\n<p><\/p>\n","protected":false},"excerpt":{"rendered":"<p>Trop spejder er for dem, der g\u00e5r i 6.-9. klasse. Tropspejder er for dem, der g\u00e5r i 6.-9. klasse. I..<\/p>\n","protected":false},"author":69,"featured_media":0,"parent":0,"menu_order":0,"comment_status":"closed","ping_status":"closed","template":"","meta":{"ngg_post_thumbnail":0,"footnotes":""},"class_list":["post-2164","page","type-page","status-publish","hentry"],"_links":{"self":[{"href":"https:\/\/kfum-greve.gruppesite.dk\/index.php?rest_route=\/wp\/v2\/pages\/2164","targetHints":{"allow":["GET"]}}],"collection":[{"href":"https:\/\/kfum-greve.gruppesite.dk\/index.php?rest_route=\/wp\/v2\/pages"}],"about":[{"href":"https:\/\/kfum-greve.gruppesite.dk\/index.php?rest_route=\/wp\/v2\/types\/page"}],"author":[{"embeddable":true,"href":"https:\/\/kfum-greve.gruppesite.dk\/index.php?rest_route=\/wp\/v2\/users\/69"}],"replies":[{"embeddable":true,"href":"https:\/\/kfum-greve.gruppesite.dk\/index.php?rest_route=%2Fwp%2Fv2%2Fcomments&post=2164"}],"version-history":[{"count":36,"href":"https:\/\/kfum-greve.gruppesite.dk\/index.php?rest_route=\/wp\/v2\/pages\/2164\/revisions"}],"predecessor-version":[{"id":2492,"href":"https:\/\/kfum-greve.gruppesite.dk\/index.php?rest_route=\/wp\/v2\/pages\/2164\/revisions\/2492"}],"wp:attachment":[{"href":"https:\/\/kfum-greve.gruppesite.dk\/index.php?rest_route=%2Fwp%2Fv2%2Fmedia&parent=2164"}],"curies":[{"name":"wp","href":"https:\/\/api.w.org\/{rel}","templated":true}]}}