



{"id":2161,"date":"2021-03-10T14:35:36","date_gmt":"2021-03-10T14:35:36","guid":{"rendered":"http:\/\/kfum-greve.gruppesite.dk\/?page_id=2161"},"modified":"2024-09-03T14:34:33","modified_gmt":"2024-09-03T14:34:33","slug":"enheder","status":"publish","type":"page","link":"https:\/\/kfum-greve.gruppesite.dk\/?page_id=2161","title":{"rendered":"Enheder"},"content":{"rendered":"\n<p>Hos Greve Gruppe kan man blive spejder fra man er&nbsp;3 \u00e5r. Vi opdeler spejderne i enheder ud fra deres alder og klassetrin.&nbsp;P\u00e5 siderne her kan du f\u00e5 et indblik i, hvad man laver i de forskellige enheder.<\/p>\n\n\n\n<p><img loading=\"lazy\" decoding=\"async\" width=\"52\" height=\"52\" src=\"http:\/\/kfum-js.dk\/wp-content\/uploads\/sites\/210\/2019\/06\/Enhedsmaerker_Godkendte-2018_tegnebraetter-04-150x150.png\" alt=\"\">\u00a0Familie-spejd er for b\u00f8rn i alderen fra 3-6 \u00e5r + for\u00e6ldre. <strong><mark class=\"has-inline-color has-vivid-green-cyan-color\">Enheden er p.t. lukket ned <\/mark><\/strong><\/p>\n\n\n\n<p><img loading=\"lazy\" decoding=\"async\" width=\"52\" height=\"52\" src=\"http:\/\/kfum-js.dk\/wp-content\/uploads\/sites\/210\/2020\/07\/Enhedsmaerker_Godkendte-2018_tegnebraetter-01.png\" alt=\"\"><a href=\"http:\/\/kfum-greve.gruppesite.dk\/?page_id=1984\">B\u00e6vere&nbsp;&nbsp;<\/a>(0.-1. klasse) Vi m\u00f8des hver torsdag kl. 17.30 &#8211; 19.00<\/p>\n\n\n\n<p><img loading=\"lazy\" decoding=\"async\" width=\"52\" height=\"52\" src=\"http:\/\/kfum-js.dk\/wp-content\/uploads\/sites\/210\/2019\/06\/Enhedsmaerker_Godkendte-2018_tegnebraetter-02-150x150.png\" alt=\"\">&nbsp;<a href=\"http:\/\/kfum-greve.gruppesite.dk\/?page_id=2132\">Ulve<\/a>&nbsp;(2.-3. klasse) Vi m\u00f8des hver tirsdag kl. 18.00 &#8211; 19.30<\/p>\n\n\n\n<p><img loading=\"lazy\" decoding=\"async\" width=\"52\" height=\"52\" src=\"http:\/\/kfum-js.dk\/wp-content\/uploads\/sites\/210\/2019\/06\/Enhedsmaerker_Godkendte-2018_tegnebraetter-03-150x150.png\" alt=\"\">&nbsp;<a href=\"http:\/\/kfum-greve.gruppesite.dk\/?page_id=902\" data-type=\"URL\">Juniorer<\/a>&nbsp;(4. og 5. klasse) Vi m\u00f8des hver tirsdag kl. 18.30 &#8211; 20.30<\/p>\n\n\n\n<p><img loading=\"lazy\" decoding=\"async\" width=\"52\" height=\"52\" src=\"http:\/\/kfum-js.dk\/wp-content\/uploads\/sites\/210\/2019\/06\/Enhedsmaerker_Godkendte-2018_tegnebraetter-05-150x150.png\" alt=\"\">&nbsp;<a href=\"http:\/\/\">Trop<\/a>&nbsp;(6.-8. klasse) Vi m\u00f8des hver tirsdag  kl. 18.30 &#8211; 20.30<\/p>\n\n\n\n<figure class=\"wp-block-image size-large is-resized is-style-default\"><a href=\"http:\/\/kfum-greve.gruppesite.dk\/wp-content\/uploads\/sites\/48\/2021\/03\/KFUM-Ikoner-Spejdergruppe-kopi.png\"><img loading=\"lazy\" decoding=\"async\" width=\"1024\" height=\"1024\" src=\"http:\/\/kfum-greve.gruppesite.dk\/wp-content\/uploads\/sites\/48\/2021\/03\/KFUM-Ikoner-Spejdergruppe-kopi-1024x1024.png\" alt=\"\" class=\"wp-image-2280\" style=\"width:555px;height:555px\" srcset=\"https:\/\/kfum-greve.gruppesite.dk\/wp-content\/uploads\/sites\/48\/2021\/03\/KFUM-Ikoner-Spejdergruppe-kopi-1024x1024.png 1024w, https:\/\/kfum-greve.gruppesite.dk\/wp-content\/uploads\/sites\/48\/2021\/03\/KFUM-Ikoner-Spejdergruppe-kopi-300x300.png 300w, https:\/\/kfum-greve.gruppesite.dk\/wp-content\/uploads\/sites\/48\/2021\/03\/KFUM-Ikoner-Spejdergruppe-kopi-150x150.png 150w, https:\/\/kfum-greve.gruppesite.dk\/wp-content\/uploads\/sites\/48\/2021\/03\/KFUM-Ikoner-Spejdergruppe-kopi-768x768.png 768w, https:\/\/kfum-greve.gruppesite.dk\/wp-content\/uploads\/sites\/48\/2021\/03\/KFUM-Ikoner-Spejdergruppe-kopi-1536x1536.png 1536w, https:\/\/kfum-greve.gruppesite.dk\/wp-content\/uploads\/sites\/48\/2021\/03\/KFUM-Ikoner-Spejdergruppe-kopi.png 2001w\" sizes=\"auto, (max-width: 1024px) 100vw, 1024px\" \/><\/a><\/figure>\n\n\n\n<p><\/p>\n","protected":false},"excerpt":{"rendered":"<p>Hos Greve Gruppe kan man blive spejder fra man er&nbsp;3 \u00e5r. Vi opdeler spejderne i enheder ud fra deres alder..<\/p>\n","protected":false},"author":69,"featured_media":0,"parent":0,"menu_order":0,"comment_status":"closed","ping_status":"closed","template":"","meta":{"ngg_post_thumbnail":0,"footnotes":""},"class_list":["post-2161","page","type-page","status-publish","hentry"],"_links":{"self":[{"href":"https:\/\/kfum-greve.gruppesite.dk\/index.php?rest_route=\/wp\/v2\/pages\/2161","targetHints":{"allow":["GET"]}}],"collection":[{"href":"https:\/\/kfum-greve.gruppesite.dk\/index.php?rest_route=\/wp\/v2\/pages"}],"about":[{"href":"https:\/\/kfum-greve.gruppesite.dk\/index.php?rest_route=\/wp\/v2\/types\/page"}],"author":[{"embeddable":true,"href":"https:\/\/kfum-greve.gruppesite.dk\/index.php?rest_route=\/wp\/v2\/users\/69"}],"replies":[{"embeddable":true,"href":"https:\/\/kfum-greve.gruppesite.dk\/index.php?rest_route=%2Fwp%2Fv2%2Fcomments&post=2161"}],"version-history":[{"count":8,"href":"https:\/\/kfum-greve.gruppesite.dk\/index.php?rest_route=\/wp\/v2\/pages\/2161\/revisions"}],"predecessor-version":[{"id":2500,"href":"https:\/\/kfum-greve.gruppesite.dk\/index.php?rest_route=\/wp\/v2\/pages\/2161\/revisions\/2500"}],"wp:attachment":[{"href":"https:\/\/kfum-greve.gruppesite.dk\/index.php?rest_route=%2Fwp%2Fv2%2Fmedia&parent=2161"}],"curies":[{"name":"wp","href":"https:\/\/api.w.org\/{rel}","templated":true}]}}